{"id":156,"date":"2026-03-06T15:08:08","date_gmt":"2026-03-06T15:08:08","guid":{"rendered":"http:\/\/alpi-ai.com\/?page_id=156"},"modified":"2026-03-06T16:56:17","modified_gmt":"2026-03-06T16:56:17","slug":"kontakt","status":"publish","type":"page","link":"https:\/\/alpi-ai.com\/de\/contact\/","title":{"rendered":"Kontakt"},"content":{"rendered":"\t\t<div data-elementor-type=\"wp-page\" data-elementor-id=\"156\" class=\"elementor elementor-156\" data-elementor-post-type=\"page\">\n\t\t\t\t<div data-particle_enable=\"false\" data-particle-mobile-disabled=\"false\" class=\"elementor-element elementor-element-1217990 e-flex e-con-boxed e-con e-parent\" data-id=\"1217990\" data-element_type=\"container\" data-e-type=\"container\" data-settings=\"{&quot;background_background&quot;:&quot;classic&quot;}\">\n\t\t\t\t\t<div class=\"e-con-inner\">\n\t\t<div data-particle_enable=\"false\" data-particle-mobile-disabled=\"false\" class=\"elementor-element elementor-element-9157068 e-con-full e-flex elementor-invisible e-con e-child\" data-id=\"9157068\" data-element_type=\"container\" data-e-type=\"container\" data-settings=\"{&quot;animation&quot;:&quot;slideInLeft&quot;}\">\n\t\t\t\t<div class=\"elementor-element elementor-element-3f7c3d6 elementor-widget elementor-widget-heading\" data-id=\"3f7c3d6\" data-element_type=\"widget\" data-e-type=\"widget\" data-widget_type=\"heading.default\">\n\t\t\t\t\t<h1 class=\"elementor-heading-title elementor-size-default\">Contact<\/h1>\t\t\t\t<\/div>\n\t\t\t\t<div class=\"elementor-element elementor-element-4d635ea elementor-widget elementor-widget-text-editor\" data-id=\"4d635ea\" data-element_type=\"widget\" data-e-type=\"widget\" data-widget_type=\"text-editor.default\">\n\t\t\t\t\t\t\t\t\t<p class=\"text-lg text-gray-600 mb-2\"><span style=\"font-size: 1rem;\">Des questions, un besoin ? Remplissez le formulaire et nous vous recontacterons.<\/span><\/p>\t\t\t\t\t\t\t\t<\/div>\n\t\t\t\t<div class=\"elementor-element elementor-element-1c936fe elementor-widget elementor-widget-image\" data-id=\"1c936fe\" data-element_type=\"widget\" data-e-type=\"widget\" data-widget_type=\"image.default\">\n\t\t\t\t\t\t\t\t\t\t\t\t\t\t\t<img fetchpriority=\"high\" decoding=\"async\" width=\"600\" height=\"198\" src=\"https:\/\/alpi-ai.com\/wp-content\/uploads\/2026\/03\/Alpi_long_bleu_600px.png\" class=\"attachment-large size-large wp-image-93\" alt=\"Alpi - La Plateforme IA Suisse pour l\u2019assurance\" srcset=\"https:\/\/alpi-ai.com\/wp-content\/uploads\/2026\/03\/Alpi_long_bleu_600px.png 600w, https:\/\/alpi-ai.com\/wp-content\/uploads\/2026\/03\/Alpi_long_bleu_600px-300x99.png 300w, https:\/\/alpi-ai.com\/wp-content\/uploads\/2026\/03\/Alpi_long_bleu_600px-18x6.png 18w\" sizes=\"(max-width: 600px) 100vw, 600px\" \/>\t\t\t\t\t\t\t\t\t\t\t\t\t\t\t<\/div>\n\t\t\t\t<div class=\"elementor-element elementor-element-cdb3973 elementor-align-start elementor-mobile-align-center elementor-icon-list--layout-traditional elementor-list-item-link-full_width elementor-widget elementor-widget-icon-list\" data-id=\"cdb3973\" data-element_type=\"widget\" data-e-type=\"widget\" data-widget_type=\"icon-list.default\">\n\t\t\t\t\t\t\t<ul class=\"elementor-icon-list-items\">\n\t\t\t\t\t\t\t<li class=\"elementor-icon-list-item\">\n\t\t\t\t\t\t\t\t\t\t\t<a href=\"https:\/\/www.linkedin.com\/company\/alpi-technologies\/posts\/?feedView=all\" target=\"_blank\" rel=\"nofollow\">\n\n\t\t\t\t\t\t\t\t\t\t\t\t<span class=\"elementor-icon-list-icon\">\n\t\t\t\t\t\t\t<svg aria-hidden=\"true\" class=\"e-font-icon-svg e-fab-linkedin\" viewBox=\"0 0 448 512\" xmlns=\"http:\/\/www.w3.org\/2000\/svg\"><path d=\"M416 32H31.9C14.3 32 0 46.5 0 64.3v383.4C0 465.5 14.3 480 31.9 480H416c17.6 0 32-14.5 32-32.3V64.3c0-17.8-14.4-32.3-32-32.3zM135.4 416H69V202.2h66.5V416zm-33.2-243c-21.3 0-38.5-17.3-38.5-38.5S80.9 96 102.2 96c21.2 0 38.5 17.3 38.5 38.5 0 21.3-17.2 38.5-38.5 38.5zm282.1 243h-66.4V312c0-24.8-.5-56.7-34.5-56.7-34.6 0-39.9 27-39.9 54.9V416h-66.4V202.2h63.7v29.2h.9c8.9-16.8 30.6-34.5 62.9-34.5 67.2 0 79.7 44.3 79.7 101.9V416z\"><\/path><\/svg>\t\t\t\t\t\t<\/span>\n\t\t\t\t\t\t\t\t\t\t<span class=\"elementor-icon-list-text\">LinkedIn<\/span>\n\t\t\t\t\t\t\t\t\t\t\t<\/a>\n\t\t\t\t\t\t\t\t\t<\/li>\n\t\t\t\t\t\t\t\t<li class=\"elementor-icon-list-item\">\n\t\t\t\t\t\t\t\t\t\t\t<span class=\"elementor-icon-list-icon\">\n\t\t\t\t\t\t\t<svg aria-hidden=\"true\" class=\"e-font-icon-svg e-fas-map-pin\" viewBox=\"0 0 288 512\" xmlns=\"http:\/\/www.w3.org\/2000\/svg\"><path d=\"M112 316.94v156.69l22.02 33.02c4.75 7.12 15.22 7.12 19.97 0L176 473.63V316.94c-10.39 1.92-21.06 3.06-32 3.06s-21.61-1.14-32-3.06zM144 0C64.47 0 0 64.47 0 144s64.47 144 144 144 144-64.47 144-144S223.53 0 144 0zm0 76c-37.5 0-68 30.5-68 68 0 6.62-5.38 12-12 12s-12-5.38-12-12c0-50.73 41.28-92 92-92 6.62 0 12 5.38 12 12s-5.38 12-12 12z\"><\/path><\/svg>\t\t\t\t\t\t<\/span>\n\t\t\t\t\t\t\t\t\t\t<span class=\"elementor-icon-list-text\">Lausanne, Suisse<\/span>\n\t\t\t\t\t\t\t\t\t<\/li>\n\t\t\t\t\t\t<\/ul>\n\t\t\t\t\t\t<\/div>\n\t\t\t\t<\/div>\n\t\t<div data-particle_enable=\"false\" data-particle-mobile-disabled=\"false\" class=\"elementor-element elementor-element-9c26456 e-con-full e-flex elementor-invisible e-con e-child\" data-id=\"9c26456\" data-element_type=\"container\" data-e-type=\"container\" data-settings=\"{&quot;animation&quot;:&quot;slideInRight&quot;}\">\n\t\t\t\t<div class=\"elementor-element elementor-element-70a10f5 elementor-button-align-stretch elementor-widget elementor-widget-form\" data-id=\"70a10f5\" data-element_type=\"widget\" data-e-type=\"widget\" data-settings=\"{&quot;step_next_label&quot;:&quot;Next&quot;,&quot;step_previous_label&quot;:&quot;Previous&quot;,&quot;button_width&quot;:&quot;100&quot;,&quot;step_type&quot;:&quot;number_text&quot;,&quot;step_icon_shape&quot;:&quot;circle&quot;}\" data-widget_type=\"form.default\">\n\t\t\t\t\t\t\t<form class=\"elementor-form\" method=\"post\" id=\"form_contact\" name=\"New Form\" aria-label=\"New Form\">\n\t\t\t<input type=\"hidden\" name=\"post_id\" value=\"156\"\/>\n\t\t\t<input type=\"hidden\" name=\"form_id\" value=\"70a10f5\"\/>\n\t\t\t<input type=\"hidden\" name=\"referer_title\" value=\"Rentrez en contact avec nous\" \/>\n\n\t\t\t\t\t\t\t<input type=\"hidden\" name=\"queried_id\" value=\"156\"\/>\n\t\t\t\n\t\t\t<div class=\"elementor-form-fields-wrapper elementor-labels-above\">\n\t\t\t\t\t\t\t\t<div class=\"elementor-field-type-text elementor-field-group elementor-column elementor-field-group-name elementor-col-50 elementor-field-required elementor-mark-required\">\n\t\t\t\t\t\t\t\t\t\t\t\t<label for=\"form-field-name\" class=\"elementor-field-label\">\n\t\t\t\t\t\t\t\tPr\u00e9nom\t\t\t\t\t\t\t<\/label>\n\t\t\t\t\t\t\t\t\t\t\t\t\t\t<input size=\"1\" type=\"text\" name=\"form_fields[name]\" id=\"form-field-name\" class=\"elementor-field elementor-size-sm  elementor-field-textual\" required=\"required\">\n\t\t\t\t\t\t\t\t\t\t\t<\/div>\n\t\t\t\t\t\t\t\t<div class=\"elementor-field-type-text elementor-field-group elementor-column elementor-field-group-field_867694a elementor-col-50 elementor-field-required elementor-mark-required\">\n\t\t\t\t\t\t\t\t\t\t\t\t<label for=\"form-field-field_867694a\" class=\"elementor-field-label\">\n\t\t\t\t\t\t\t\tNom\t\t\t\t\t\t\t<\/label>\n\t\t\t\t\t\t\t\t\t\t\t\t\t\t<input size=\"1\" type=\"text\" name=\"form_fields[field_867694a]\" id=\"form-field-field_867694a\" class=\"elementor-field elementor-size-sm  elementor-field-textual\" required=\"required\">\n\t\t\t\t\t\t\t\t\t\t\t<\/div>\n\t\t\t\t\t\t\t\t<div class=\"elementor-field-type-email elementor-field-group elementor-column elementor-field-group-email elementor-col-100 elementor-field-required elementor-mark-required\">\n\t\t\t\t\t\t\t\t\t\t\t\t<label for=\"form-field-email\" class=\"elementor-field-label\">\n\t\t\t\t\t\t\t\tEmail\t\t\t\t\t\t\t<\/label>\n\t\t\t\t\t\t\t\t\t\t\t\t\t\t<input size=\"1\" type=\"email\" name=\"form_fields[email]\" id=\"form-field-email\" class=\"elementor-field elementor-size-sm  elementor-field-textual\" required=\"required\">\n\t\t\t\t\t\t\t\t\t\t\t<\/div>\n\t\t\t\t\t\t\t\t<div class=\"elementor-field-type-textarea elementor-field-group elementor-column elementor-field-group-field_364846e elementor-col-100 elementor-field-required elementor-mark-required\">\n\t\t\t\t\t\t\t\t\t\t\t\t<label for=\"form-field-field_364846e\" class=\"elementor-field-label\">\n\t\t\t\t\t\t\t\tMessage\t\t\t\t\t\t\t<\/label>\n\t\t\t\t\t\t<textarea class=\"elementor-field-textual elementor-field  elementor-size-sm\" name=\"form_fields[field_364846e]\" id=\"form-field-field_364846e\" rows=\"4\" required=\"required\"><\/textarea>\t\t\t\t<\/div>\n\t\t\t\t\t\t\t\t<div class=\"elementor-field-type-text\">\n\t\t\t\t\t<input size=\"1\" type=\"text\" name=\"form_fields[field_b884afb]\" id=\"form-field-field_b884afb\" class=\"elementor-field elementor-size-sm \" style=\"display:none !important;\">\t\t\t\t<\/div>\n\t\t\t\t\t\t\t\t<div class=\"elementor-field-group elementor-column elementor-field-type-submit elementor-col-100 e-form__buttons\">\n\t\t\t\t\t<button class=\"elementor-button elementor-size-sm\" type=\"submit\">\n\t\t\t\t\t\t<span class=\"elementor-button-content-wrapper\">\n\t\t\t\t\t\t\t\t\t\t\t\t\t\t\t<span class=\"elementor-button-icon\">\n\t\t\t\t\t\t\t\t\t<svg aria-hidden=\"true\" class=\"e-font-icon-svg e-fas-check\" viewBox=\"0 0 512 512\" xmlns=\"http:\/\/www.w3.org\/2000\/svg\"><path d=\"M173.898 439.404l-166.4-166.4c-9.997-9.997-9.997-26.206 0-36.204l36.203-36.204c9.997-9.998 26.207-9.998 36.204 0L192 312.69 432.095 72.596c9.997-9.997 26.207-9.997 36.204 0l36.203 36.204c9.997 9.997 9.997 26.206 0 36.204l-294.4 294.401c-9.998 9.997-26.207 9.997-36.204-.001z\"><\/path><\/svg>\t\t\t\t\t\t\t\t\t\t\t\t\t\t\t\t\t<\/span>\n\t\t\t\t\t\t\t\t\t\t\t\t\t\t\t\t\t\t\t\t\t\t<span class=\"elementor-button-text\">Envoyer<\/span>\n\t\t\t\t\t\t\t\t\t\t\t\t\t<\/span>\n\t\t\t\t\t<\/button>\n\t\t\t\t<\/div>\n\t\t\t<\/div>\n\t\t<\/form>\n\t\t\t\t\t\t<\/div>\n\t\t\t\t<\/div>\n\t\t\t\t\t<\/div>\n\t\t\t\t<\/div>\n\t\t\t\t<\/div>\n\t\t","protected":false},"excerpt":{"rendered":"<p>Kontakt Haben Sie Fragen oder brauchen Sie etwas? F\u00fcllen Sie das Formular aus und wir werden uns mit Ihnen in Verbindung setzen. LinkedIn Lausanne, Schweiz<\/p>","protected":false},"author":1,"featured_media":0,"parent":0,"menu_order":0,"comment_status":"closed","ping_status":"closed","template":"elementor_header_footer","meta":{"footnotes":""},"class_list":["post-156","page","type-page","status-publish","hentry"],"yoast_head":"<!-- This site is optimized with the Yoast SEO Premium plugin v27.0 (Yoast SEO v27.0) - https:\/\/yoast.com\/product\/yoast-seo-premium-wordpress\/ -->\n<title>Rentrez en contact avec nous<\/title>\n<meta name=\"description\" content=\"Contactez-nous pour avoir des d\u00e9tails sur notre assistant IA ainsi que nos diff\u00e9rents produits. C&#039;est avec plaisir que nous vous r\u00e9pondrons !\" \/>\n<meta name=\"robots\" content=\"index, follow, max-snippet:-1, max-image-preview:large, max-video-preview:-1\" \/>\n<link rel=\"canonical\" href=\"https:\/\/alpi-ai.com\/de\/kontakt\/\" \/>\n<meta property=\"og:locale\" content=\"de_DE\" \/>\n<meta property=\"og:type\" content=\"article\" \/>\n<meta property=\"og:title\" content=\"Contact\" \/>\n<meta property=\"og:description\" content=\"Contact Des questions, un besoin ? Remplissez le formulaire et nous vous recontacterons. LinkedIn Lausanne,\" \/>\n<meta property=\"og:url\" content=\"https:\/\/alpi-ai.com\/de\/kontakt\/\" \/>\n<meta property=\"og:site_name\" content=\"ALPI\" \/>\n<meta property=\"article:modified_time\" content=\"2026-03-06T16:56:17+00:00\" \/>\n<meta property=\"og:image\" content=\"http:\/\/alpi-ai.com\/wp-content\/uploads\/2026\/03\/Alpi_long_bleu_600px.png\" \/>\n<meta name=\"twitter:card\" content=\"summary_large_image\" \/>\n<meta name=\"twitter:label1\" content=\"Gesch\u00e4tzte Lesezeit\" \/>\n\t<meta name=\"twitter:data1\" content=\"1\u00a0Minute\" \/>\n<script type=\"application\/ld+json\" class=\"yoast-schema-graph\">{\"@context\":\"https:\/\/schema.org\",\"@graph\":[{\"@type\":\"WebPage\",\"@id\":\"https:\/\/alpi-ai.com\/contact\/\",\"url\":\"https:\/\/alpi-ai.com\/contact\/\",\"name\":\"Rentrez en contact avec nous\",\"isPartOf\":{\"@id\":\"https:\/\/alpi-ai.com\/#website\"},\"primaryImageOfPage\":{\"@id\":\"https:\/\/alpi-ai.com\/contact\/#primaryimage\"},\"image\":{\"@id\":\"https:\/\/alpi-ai.com\/contact\/#primaryimage\"},\"thumbnailUrl\":\"http:\/\/alpi-ai.com\/wp-content\/uploads\/2026\/03\/Alpi_long_bleu_600px.png\",\"datePublished\":\"2026-03-06T15:08:08+00:00\",\"dateModified\":\"2026-03-06T16:56:17+00:00\",\"description\":\"Contactez-nous pour avoir des d\u00e9tails sur notre assistant IA ainsi que nos diff\u00e9rents produits. C'est avec plaisir que nous vous r\u00e9pondrons !\",\"breadcrumb\":{\"@id\":\"https:\/\/alpi-ai.com\/contact\/#breadcrumb\"},\"inLanguage\":\"de\",\"potentialAction\":[{\"@type\":\"ReadAction\",\"target\":[\"https:\/\/alpi-ai.com\/contact\/\"]}]},{\"@type\":\"ImageObject\",\"inLanguage\":\"de\",\"@id\":\"https:\/\/alpi-ai.com\/contact\/#primaryimage\",\"url\":\"http:\/\/alpi-ai.com\/wp-content\/uploads\/2026\/03\/Alpi_long_bleu_600px.png\",\"contentUrl\":\"http:\/\/alpi-ai.com\/wp-content\/uploads\/2026\/03\/Alpi_long_bleu_600px.png\"},{\"@type\":\"BreadcrumbList\",\"@id\":\"https:\/\/alpi-ai.com\/contact\/#breadcrumb\",\"itemListElement\":[{\"@type\":\"ListItem\",\"position\":1,\"name\":\"Accueil\",\"item\":\"https:\/\/alpi-ai.com\/\"},{\"@type\":\"ListItem\",\"position\":2,\"name\":\"Contact\"}]},{\"@type\":\"WebSite\",\"@id\":\"https:\/\/alpi-ai.com\/#website\",\"url\":\"https:\/\/alpi-ai.com\/\",\"name\":\"ALPI\",\"description\":\"La Plateforme IA Suisse pour l\u2019assurance\",\"publisher\":{\"@id\":\"https:\/\/alpi-ai.com\/#organization\"},\"potentialAction\":[{\"@type\":\"SearchAction\",\"target\":{\"@type\":\"EntryPoint\",\"urlTemplate\":\"https:\/\/alpi-ai.com\/?s={search_term_string}\"},\"query-input\":{\"@type\":\"PropertyValueSpecification\",\"valueRequired\":true,\"valueName\":\"search_term_string\"}}],\"inLanguage\":\"de\"},{\"@type\":\"Organization\",\"@id\":\"https:\/\/alpi-ai.com\/#organization\",\"name\":\"ALPI\",\"url\":\"https:\/\/alpi-ai.com\/\",\"logo\":{\"@type\":\"ImageObject\",\"inLanguage\":\"de\",\"@id\":\"https:\/\/alpi-ai.com\/#\/schema\/logo\/image\/\",\"url\":\"http:\/\/alpi-ai.com\/wp-content\/uploads\/2026\/03\/cropped-alpi_blue_squared_600px_600px.png\",\"contentUrl\":\"http:\/\/alpi-ai.com\/wp-content\/uploads\/2026\/03\/cropped-alpi_blue_squared_600px_600px.png\",\"width\":512,\"height\":512,\"caption\":\"ALPI\"},\"image\":{\"@id\":\"https:\/\/alpi-ai.com\/#\/schema\/logo\/image\/\"},\"sameAs\":[\"https:\/\/www.linkedin.com\/company\/alpi-technologies\"],\"description\":\"Alpi est la plateforme innovante pour les courtiers en assurance en Suisse. Simplifiez votre travail et offrez un meilleur service \u00e0 vos clients.\",\"legalName\":\"ALPI Technologies SA\"}]}<\/script>\n<!-- \/ Yoast SEO Premium plugin. -->","yoast_head_json":{"title":"Treten Sie mit uns in Kontakt","description":"Kontaktieren Sie uns, um Details zu unserem KI-Assistenten sowie zu unseren verschiedenen Produkten zu erhalten. Wir freuen uns darauf, Ihnen zu antworten!","robots":{"index":"index","follow":"follow","max-snippet":"max-snippet:-1","max-image-preview":"max-image-preview:large","max-video-preview":"max-video-preview:-1"},"canonical":"https:\/\/alpi-ai.com\/de\/kontakt\/","og_locale":"de_DE","og_type":"article","og_title":"Contact","og_description":"Contact Des questions, un besoin ? Remplissez le formulaire et nous vous recontacterons. LinkedIn Lausanne,","og_url":"https:\/\/alpi-ai.com\/de\/kontakt\/","og_site_name":"ALPI","article_modified_time":"2026-03-06T16:56:17+00:00","og_image":[{"url":"http:\/\/alpi-ai.com\/wp-content\/uploads\/2026\/03\/Alpi_long_bleu_600px.png","type":"","width":"","height":""}],"twitter_card":"summary_large_image","twitter_misc":{"Gesch\u00e4tzte Lesezeit":"1\u00a0Minute"},"schema":{"@context":"https:\/\/schema.org","@graph":[{"@type":"WebPage","@id":"https:\/\/alpi-ai.com\/contact\/","url":"https:\/\/alpi-ai.com\/contact\/","name":"Treten Sie mit uns in Kontakt","isPartOf":{"@id":"https:\/\/alpi-ai.com\/#website"},"primaryImageOfPage":{"@id":"https:\/\/alpi-ai.com\/contact\/#primaryimage"},"image":{"@id":"https:\/\/alpi-ai.com\/contact\/#primaryimage"},"thumbnailUrl":"http:\/\/alpi-ai.com\/wp-content\/uploads\/2026\/03\/Alpi_long_bleu_600px.png","datePublished":"2026-03-06T15:08:08+00:00","dateModified":"2026-03-06T16:56:17+00:00","description":"Kontaktieren Sie uns, um Details zu unserem KI-Assistenten sowie zu unseren verschiedenen Produkten zu erhalten. Wir freuen uns darauf, Ihnen zu antworten!","breadcrumb":{"@id":"https:\/\/alpi-ai.com\/contact\/#breadcrumb"},"inLanguage":"de","potentialAction":[{"@type":"ReadAction","target":["https:\/\/alpi-ai.com\/contact\/"]}]},{"@type":"ImageObject","inLanguage":"de","@id":"https:\/\/alpi-ai.com\/contact\/#primaryimage","url":"http:\/\/alpi-ai.com\/wp-content\/uploads\/2026\/03\/Alpi_long_bleu_600px.png","contentUrl":"http:\/\/alpi-ai.com\/wp-content\/uploads\/2026\/03\/Alpi_long_bleu_600px.png"},{"@type":"BreadcrumbList","@id":"https:\/\/alpi-ai.com\/contact\/#breadcrumb","itemListElement":[{"@type":"ListItem","position":1,"name":"Accueil","item":"https:\/\/alpi-ai.com\/"},{"@type":"ListItem","position":2,"name":"Contact"}]},{"@type":"WebSite","@id":"https:\/\/alpi-ai.com\/#website","url":"https:\/\/alpi-ai.com\/","name":"ALPI","description":"Die Schweizer KI-Plattform f\u00fcr Versicherungen","publisher":{"@id":"https:\/\/alpi-ai.com\/#organization"},"potentialAction":[{"@type":"SearchAction","target":{"@type":"EntryPoint","urlTemplate":"https:\/\/alpi-ai.com\/?s={search_term_string}"},"query-input":{"@type":"PropertyValueSpecification","valueRequired":true,"valueName":"search_term_string"}}],"inLanguage":"de"},{"@type":"Organization","@id":"https:\/\/alpi-ai.com\/#organization","name":"ALPI","url":"https:\/\/alpi-ai.com\/","logo":{"@type":"ImageObject","inLanguage":"de","@id":"https:\/\/alpi-ai.com\/#\/schema\/logo\/image\/","url":"http:\/\/alpi-ai.com\/wp-content\/uploads\/2026\/03\/cropped-alpi_blue_squared_600px_600px.png","contentUrl":"http:\/\/alpi-ai.com\/wp-content\/uploads\/2026\/03\/cropped-alpi_blue_squared_600px_600px.png","width":512,"height":512,"caption":"ALPI"},"image":{"@id":"https:\/\/alpi-ai.com\/#\/schema\/logo\/image\/"},"sameAs":["https:\/\/www.linkedin.com\/company\/alpi-technologies"],"description":"Alpi ist die innovative Plattform f\u00fcr Versicherungsmakler in der Schweiz. Vereinfachen Sie Ihre Arbeit und bieten Sie Ihren Kunden einen besseren Service.","legalName":"ALPI Technologies SA"}]}},"_links":{"self":[{"href":"https:\/\/alpi-ai.com\/de\/wp-json\/wp\/v2\/pages\/156","targetHints":{"allow":["GET"]}}],"collection":[{"href":"https:\/\/alpi-ai.com\/de\/wp-json\/wp\/v2\/pages"}],"about":[{"href":"https:\/\/alpi-ai.com\/de\/wp-json\/wp\/v2\/types\/page"}],"author":[{"embeddable":true,"href":"https:\/\/alpi-ai.com\/de\/wp-json\/wp\/v2\/users\/1"}],"replies":[{"embeddable":true,"href":"https:\/\/alpi-ai.com\/de\/wp-json\/wp\/v2\/comments?post=156"}],"version-history":[{"count":10,"href":"https:\/\/alpi-ai.com\/de\/wp-json\/wp\/v2\/pages\/156\/revisions"}],"predecessor-version":[{"id":260,"href":"https:\/\/alpi-ai.com\/de\/wp-json\/wp\/v2\/pages\/156\/revisions\/260"}],"wp:attachment":[{"href":"https:\/\/alpi-ai.com\/de\/wp-json\/wp\/v2\/media?parent=156"}],"curies":[{"name":"wp","href":"https:\/\/api.w.org\/{rel}","templated":true}]}}