{"id":180,"date":"2026-03-06T15:57:50","date_gmt":"2026-03-06T15:57:50","guid":{"rendered":"http:\/\/alpi-ai.com\/?page_id=180"},"modified":"2026-03-06T16:23:13","modified_gmt":"2026-03-06T16:23:13","slug":"testen","status":"publish","type":"page","link":"https:\/\/alpi-ai.com\/de\/tester\/","title":{"rendered":"Testen"},"content":{"rendered":"\t\t<div data-elementor-type=\"wp-page\" data-elementor-id=\"180\" class=\"elementor elementor-180\" data-elementor-post-type=\"page\">\n\t\t\t\t<div data-particle_enable=\"false\" data-particle-mobile-disabled=\"false\" class=\"elementor-element elementor-element-2643df4 e-con-full e-flex e-con e-parent\" data-id=\"2643df4\" data-element_type=\"container\" data-e-type=\"container\">\n\t\t<div data-particle_enable=\"false\" data-particle-mobile-disabled=\"false\" class=\"elementor-element elementor-element-e915d3a e-con-full e-flex e-con e-child\" data-id=\"e915d3a\" data-element_type=\"container\" data-e-type=\"container\" data-settings=\"{&quot;background_background&quot;:&quot;classic&quot;}\">\n\t\t\t\t<div class=\"elementor-element elementor-element-18a9cd9 elementor-widget elementor-widget-image\" data-id=\"18a9cd9\" data-element_type=\"widget\" data-e-type=\"widget\" data-widget_type=\"image.default\">\n\t\t\t\t\t\t\t\t\t\t\t\t\t\t\t<img decoding=\"async\" width=\"300\" height=\"100\" src=\"https:\/\/alpi-ai.com\/wp-content\/uploads\/2026\/03\/Alpi_long_blanc_600px-300x100.png\" class=\"attachment-medium size-medium wp-image-92\" alt=\"Alpi - La Plateforme IA Suisse pour l\u2019assurance\" srcset=\"https:\/\/alpi-ai.com\/wp-content\/uploads\/2026\/03\/Alpi_long_blanc_600px-300x100.png 300w, https:\/\/alpi-ai.com\/wp-content\/uploads\/2026\/03\/Alpi_long_blanc_600px-18x6.png 18w, https:\/\/alpi-ai.com\/wp-content\/uploads\/2026\/03\/Alpi_long_blanc_600px.png 600w\" sizes=\"(max-width: 300px) 100vw, 300px\" \/>\t\t\t\t\t\t\t\t\t\t\t\t\t\t\t<\/div>\n\t\t\t\t<div class=\"elementor-element elementor-element-aafe777 elementor-widget elementor-widget-heading\" data-id=\"aafe777\" data-element_type=\"widget\" data-e-type=\"widget\" data-widget_type=\"heading.default\">\n\t\t\t\t\t<h1 class=\"elementor-heading-title elementor-size-default\">L'assistant IA des conseillers en assurance<\/h1>\t\t\t\t<\/div>\n\t\t\t\t<\/div>\n\t\t<div data-particle_enable=\"false\" data-particle-mobile-disabled=\"false\" class=\"elementor-element elementor-element-6c23010 e-con-full e-flex e-con e-child\" data-id=\"6c23010\" data-element_type=\"container\" data-e-type=\"container\">\n\t\t\t\t<div class=\"elementor-element elementor-element-1dbcc36 elementor-widget elementor-widget-heading\" data-id=\"1dbcc36\" data-element_type=\"widget\" data-e-type=\"widget\" data-widget_type=\"heading.default\">\n\t\t\t\t\t<span class=\"elementor-heading-title elementor-size-default\"><b>Testez la plateforme en cr\u00e9ant votre compte<\/b><\/span>\t\t\t\t<\/div>\n\t\t\t\t<div class=\"elementor-element elementor-element-d4c383b elementor-button-align-stretch elementor-widget elementor-widget-form\" data-id=\"d4c383b\" data-element_type=\"widget\" data-e-type=\"widget\" data-settings=\"{&quot;step_next_label&quot;:&quot;Next&quot;,&quot;step_previous_label&quot;:&quot;Previous&quot;,&quot;button_width&quot;:&quot;100&quot;,&quot;step_type&quot;:&quot;number_text&quot;,&quot;step_icon_shape&quot;:&quot;circle&quot;}\" data-widget_type=\"form.default\">\n\t\t\t\t\t\t\t<form class=\"elementor-form\" method=\"post\" id=\"form_account_create\" name=\"New Form\" aria-label=\"New Form\">\n\t\t\t<input type=\"hidden\" name=\"post_id\" value=\"180\"\/>\n\t\t\t<input type=\"hidden\" name=\"form_id\" value=\"d4c383b\"\/>\n\t\t\t<input type=\"hidden\" name=\"referer_title\" value=\"ALPI\" \/>\n\n\t\t\t\n\t\t\t<div class=\"elementor-form-fields-wrapper elementor-labels-above\">\n\t\t\t\t\t\t\t\t<div class=\"elementor-field-type-email elementor-field-group elementor-column elementor-field-group-email elementor-col-100 elementor-field-required elementor-mark-required\">\n\t\t\t\t\t\t\t\t\t\t\t\t<label for=\"form-field-email\" class=\"elementor-field-label\">\n\t\t\t\t\t\t\t\tEmail professionnel\t\t\t\t\t\t\t<\/label>\n\t\t\t\t\t\t\t\t\t\t\t\t\t\t<input size=\"1\" type=\"email\" name=\"form_fields[email]\" id=\"form-field-email\" class=\"elementor-field elementor-size-sm  elementor-field-textual\" required=\"required\">\n\t\t\t\t\t\t\t\t\t\t\t<\/div>\n\t\t\t\t\t\t\t\t<div class=\"elementor-field-type-text elementor-field-group elementor-column elementor-field-group-field_02a67bf elementor-col-100 elementor-field-required elementor-mark-required\">\n\t\t\t\t\t\t\t\t\t\t\t\t<label for=\"form-field-field_02a67bf\" class=\"elementor-field-label\">\n\t\t\t\t\t\t\t\tNum\u00e9ro t\u00e9l\u00e9phone\t\t\t\t\t\t\t<\/label>\n\t\t\t\t\t\t\t\t\t\t\t\t\t\t<input size=\"1\" type=\"text\" name=\"form_fields[field_02a67bf]\" id=\"form-field-field_02a67bf\" class=\"elementor-field elementor-size-sm  elementor-field-textual\" required=\"required\">\n\t\t\t\t\t\t\t\t\t\t\t<\/div>\n\t\t\t\t\t\t\t\t<div class=\"elementor-field-type-text elementor-field-group elementor-column elementor-field-group-field_365c45c elementor-col-100 elementor-field-required elementor-mark-required\">\n\t\t\t\t\t\t\t\t\t\t\t\t<label for=\"form-field-field_365c45c\" class=\"elementor-field-label\">\n\t\t\t\t\t\t\t\tNom de la soci\u00e9t\u00e9\t\t\t\t\t\t\t<\/label>\n\t\t\t\t\t\t\t\t\t\t\t\t\t\t<input size=\"1\" type=\"text\" name=\"form_fields[field_365c45c]\" id=\"form-field-field_365c45c\" class=\"elementor-field elementor-size-sm  elementor-field-textual\" required=\"required\">\n\t\t\t\t\t\t\t\t\t\t\t<\/div>\n\t\t\t\t\t\t\t\t<div class=\"elementor-field-group elementor-column elementor-field-type-submit elementor-col-100 e-form__buttons\">\n\t\t\t\t\t<button class=\"elementor-button elementor-size-sm\" type=\"submit\">\n\t\t\t\t\t\t<span class=\"elementor-button-content-wrapper\">\n\t\t\t\t\t\t\t\t\t\t\t\t\t\t\t<span class=\"elementor-button-icon\">\n\t\t\t\t\t\t\t\t\t<svg aria-hidden=\"true\" class=\"e-font-icon-svg e-fas-chevron-right\" viewBox=\"0 0 320 512\" xmlns=\"http:\/\/www.w3.org\/2000\/svg\"><path d=\"M285.476 272.971L91.132 467.314c-9.373 9.373-24.569 9.373-33.941 0l-22.667-22.667c-9.357-9.357-9.375-24.522-.04-33.901L188.505 256 34.484 101.255c-9.335-9.379-9.317-24.544.04-33.901l22.667-22.667c9.373-9.373 24.569-9.373 33.941 0L285.475 239.03c9.373 9.372 9.373 24.568.001 33.941z\"><\/path><\/svg>\t\t\t\t\t\t\t\t\t\t\t\t\t\t\t\t\t<\/span>\n\t\t\t\t\t\t\t\t\t\t\t\t\t\t\t\t\t\t\t\t\t\t<span class=\"elementor-button-text\">Cr\u00e9er mon compte<\/span>\n\t\t\t\t\t\t\t\t\t\t\t\t\t<\/span>\n\t\t\t\t\t<\/button>\n\t\t\t\t<\/div>\n\t\t\t<\/div>\n\t\t<\/form>\n\t\t\t\t\t\t<\/div>\n\t\t\t\t<\/div>\n\t\t\t\t<\/div>\n\t\t\t\t<\/div>\n\t\t","protected":false},"excerpt":{"rendered":"<p>Der KI-Assistent f\u00fcr Versicherungsberater Testen Sie die Plattform, indem Sie Ihr Konto einrichten<\/p>","protected":false},"author":1,"featured_media":0,"parent":0,"menu_order":0,"comment_status":"closed","ping_status":"closed","template":"elementor_canvas","meta":{"footnotes":""},"class_list":["post-180","page","type-page","status-publish","hentry"],"yoast_head":"<!-- This site is optimized with the Yoast SEO Premium plugin v27.0 (Yoast SEO v27.0) - https:\/\/yoast.com\/product\/yoast-seo-premium-wordpress\/ -->\n<title>Tester la plateforme Alpi - L&#039;IA pour les courtiers<\/title>\n<meta name=\"description\" content=\"Testez en un clic la plateforme et notre assistant IA pour les courtiers. Optimisez votre administration et passez plus de temps avec vos clients.\" \/>\n<meta name=\"robots\" content=\"index, follow, max-snippet:-1, max-image-preview:large, max-video-preview:-1\" \/>\n<link rel=\"canonical\" href=\"https:\/\/alpi-ai.com\/de\/testen\/\" \/>\n<meta property=\"og:locale\" content=\"de_DE\" \/>\n<meta property=\"og:type\" content=\"article\" \/>\n<meta property=\"og:title\" content=\"Tester\" \/>\n<meta property=\"og:description\" content=\"L&#039;assistant IA des conseillers en assurance   Testez la plateforme en cr\u00e9ant votre compte\" \/>\n<meta property=\"og:url\" content=\"https:\/\/alpi-ai.com\/de\/testen\/\" \/>\n<meta property=\"og:site_name\" content=\"ALPI\" \/>\n<meta property=\"article:modified_time\" content=\"2026-03-06T16:23:13+00:00\" \/>\n<meta property=\"og:image\" content=\"http:\/\/alpi-ai.com\/wp-content\/uploads\/2026\/03\/Alpi_long_blanc_600px-300x100.png\" \/>\n<meta name=\"twitter:card\" content=\"summary_large_image\" \/>\n<meta name=\"twitter:label1\" content=\"Gesch\u00e4tzte Lesezeit\" \/>\n\t<meta name=\"twitter:data1\" content=\"1\u00a0Minute\" \/>\n<script type=\"application\/ld+json\" class=\"yoast-schema-graph\">{\"@context\":\"https:\/\/schema.org\",\"@graph\":[{\"@type\":\"WebPage\",\"@id\":\"https:\/\/alpi-ai.com\/de\/testen\/\",\"url\":\"https:\/\/alpi-ai.com\/de\/testen\/\",\"name\":\"Tester la plateforme Alpi - L'IA pour les courtiers\",\"isPartOf\":{\"@id\":\"https:\/\/alpi-ai.com\/#website\"},\"primaryImageOfPage\":{\"@id\":\"https:\/\/alpi-ai.com\/de\/testen\/#primaryimage\"},\"image\":{\"@id\":\"https:\/\/alpi-ai.com\/de\/testen\/#primaryimage\"},\"thumbnailUrl\":\"http:\/\/alpi-ai.com\/wp-content\/uploads\/2026\/03\/Alpi_long_blanc_600px-300x100.png\",\"datePublished\":\"2026-03-06T15:57:50+00:00\",\"dateModified\":\"2026-03-06T16:23:13+00:00\",\"description\":\"Testez en un clic la plateforme et notre assistant IA pour les courtiers. Optimisez votre administration et passez plus de temps avec vos clients.\",\"breadcrumb\":{\"@id\":\"https:\/\/alpi-ai.com\/de\/testen\/#breadcrumb\"},\"inLanguage\":\"de\",\"potentialAction\":[{\"@type\":\"ReadAction\",\"target\":[\"https:\/\/alpi-ai.com\/de\/testen\/\"]}]},{\"@type\":\"ImageObject\",\"inLanguage\":\"de\",\"@id\":\"https:\/\/alpi-ai.com\/de\/testen\/#primaryimage\",\"url\":\"http:\/\/alpi-ai.com\/wp-content\/uploads\/2026\/03\/Alpi_long_blanc_600px-300x100.png\",\"contentUrl\":\"http:\/\/alpi-ai.com\/wp-content\/uploads\/2026\/03\/Alpi_long_blanc_600px-300x100.png\"},{\"@type\":\"BreadcrumbList\",\"@id\":\"https:\/\/alpi-ai.com\/de\/testen\/#breadcrumb\",\"itemListElement\":[{\"@type\":\"ListItem\",\"position\":1,\"name\":\"Accueil\",\"item\":\"https:\/\/alpi-ai.com\/\"},{\"@type\":\"ListItem\",\"position\":2,\"name\":\"Tester\"}]},{\"@type\":\"WebSite\",\"@id\":\"https:\/\/alpi-ai.com\/#website\",\"url\":\"https:\/\/alpi-ai.com\/\",\"name\":\"ALPI\",\"description\":\"La Plateforme IA Suisse pour l\u2019assurance\",\"publisher\":{\"@id\":\"https:\/\/alpi-ai.com\/#organization\"},\"potentialAction\":[{\"@type\":\"SearchAction\",\"target\":{\"@type\":\"EntryPoint\",\"urlTemplate\":\"https:\/\/alpi-ai.com\/?s={search_term_string}\"},\"query-input\":{\"@type\":\"PropertyValueSpecification\",\"valueRequired\":true,\"valueName\":\"search_term_string\"}}],\"inLanguage\":\"de\"},{\"@type\":\"Organization\",\"@id\":\"https:\/\/alpi-ai.com\/#organization\",\"name\":\"ALPI\",\"url\":\"https:\/\/alpi-ai.com\/\",\"logo\":{\"@type\":\"ImageObject\",\"inLanguage\":\"de\",\"@id\":\"https:\/\/alpi-ai.com\/#\/schema\/logo\/image\/\",\"url\":\"http:\/\/alpi-ai.com\/wp-content\/uploads\/2026\/03\/cropped-alpi_blue_squared_600px_600px.png\",\"contentUrl\":\"http:\/\/alpi-ai.com\/wp-content\/uploads\/2026\/03\/cropped-alpi_blue_squared_600px_600px.png\",\"width\":512,\"height\":512,\"caption\":\"ALPI\"},\"image\":{\"@id\":\"https:\/\/alpi-ai.com\/#\/schema\/logo\/image\/\"},\"sameAs\":[\"https:\/\/www.linkedin.com\/company\/alpi-technologies\"],\"description\":\"Alpi est la plateforme innovante pour les courtiers en assurance en Suisse. Simplifiez votre travail et offrez un meilleur service \u00e0 vos clients.\",\"legalName\":\"ALPI Technologies SA\"}]}<\/script>\n<!-- \/ Yoast SEO Premium plugin. -->","yoast_head_json":{"title":"Die Alpi-Plattform testen - KI f\u00fcr Broker","description":"Testen Sie mit einem Klick die Plattform und unseren KI-Assistenten f\u00fcr Makler. Optimieren Sie Ihre Verwaltung und verbringen Sie mehr Zeit mit Ihren Kunden.","robots":{"index":"index","follow":"follow","max-snippet":"max-snippet:-1","max-image-preview":"max-image-preview:large","max-video-preview":"max-video-preview:-1"},"canonical":"https:\/\/alpi-ai.com\/de\/testen\/","og_locale":"de_DE","og_type":"article","og_title":"Tester","og_description":"L'assistant IA des conseillers en assurance   Testez la plateforme en cr\u00e9ant votre compte","og_url":"https:\/\/alpi-ai.com\/de\/testen\/","og_site_name":"ALPI","article_modified_time":"2026-03-06T16:23:13+00:00","og_image":[{"url":"http:\/\/alpi-ai.com\/wp-content\/uploads\/2026\/03\/Alpi_long_blanc_600px-300x100.png","type":"","width":"","height":""}],"twitter_card":"summary_large_image","twitter_misc":{"Gesch\u00e4tzte Lesezeit":"1\u00a0Minute"},"schema":{"@context":"https:\/\/schema.org","@graph":[{"@type":"WebPage","@id":"https:\/\/alpi-ai.com\/de\/testen\/","url":"https:\/\/alpi-ai.com\/de\/testen\/","name":"Die Alpi-Plattform testen - KI f\u00fcr Broker","isPartOf":{"@id":"https:\/\/alpi-ai.com\/#website"},"primaryImageOfPage":{"@id":"https:\/\/alpi-ai.com\/de\/testen\/#primaryimage"},"image":{"@id":"https:\/\/alpi-ai.com\/de\/testen\/#primaryimage"},"thumbnailUrl":"http:\/\/alpi-ai.com\/wp-content\/uploads\/2026\/03\/Alpi_long_blanc_600px-300x100.png","datePublished":"2026-03-06T15:57:50+00:00","dateModified":"2026-03-06T16:23:13+00:00","description":"Testen Sie mit einem Klick die Plattform und unseren KI-Assistenten f\u00fcr Makler. Optimieren Sie Ihre Verwaltung und verbringen Sie mehr Zeit mit Ihren Kunden.","breadcrumb":{"@id":"https:\/\/alpi-ai.com\/de\/testen\/#breadcrumb"},"inLanguage":"de","potentialAction":[{"@type":"ReadAction","target":["https:\/\/alpi-ai.com\/de\/testen\/"]}]},{"@type":"ImageObject","inLanguage":"de","@id":"https:\/\/alpi-ai.com\/de\/testen\/#primaryimage","url":"http:\/\/alpi-ai.com\/wp-content\/uploads\/2026\/03\/Alpi_long_blanc_600px-300x100.png","contentUrl":"http:\/\/alpi-ai.com\/wp-content\/uploads\/2026\/03\/Alpi_long_blanc_600px-300x100.png"},{"@type":"BreadcrumbList","@id":"https:\/\/alpi-ai.com\/de\/testen\/#breadcrumb","itemListElement":[{"@type":"ListItem","position":1,"name":"Accueil","item":"https:\/\/alpi-ai.com\/"},{"@type":"ListItem","position":2,"name":"Tester"}]},{"@type":"WebSite","@id":"https:\/\/alpi-ai.com\/#website","url":"https:\/\/alpi-ai.com\/","name":"ALPI","description":"Die Schweizer KI-Plattform f\u00fcr Versicherungen","publisher":{"@id":"https:\/\/alpi-ai.com\/#organization"},"potentialAction":[{"@type":"SearchAction","target":{"@type":"EntryPoint","urlTemplate":"https:\/\/alpi-ai.com\/?s={search_term_string}"},"query-input":{"@type":"PropertyValueSpecification","valueRequired":true,"valueName":"search_term_string"}}],"inLanguage":"de"},{"@type":"Organization","@id":"https:\/\/alpi-ai.com\/#organization","name":"ALPI","url":"https:\/\/alpi-ai.com\/","logo":{"@type":"ImageObject","inLanguage":"de","@id":"https:\/\/alpi-ai.com\/#\/schema\/logo\/image\/","url":"http:\/\/alpi-ai.com\/wp-content\/uploads\/2026\/03\/cropped-alpi_blue_squared_600px_600px.png","contentUrl":"http:\/\/alpi-ai.com\/wp-content\/uploads\/2026\/03\/cropped-alpi_blue_squared_600px_600px.png","width":512,"height":512,"caption":"ALPI"},"image":{"@id":"https:\/\/alpi-ai.com\/#\/schema\/logo\/image\/"},"sameAs":["https:\/\/www.linkedin.com\/company\/alpi-technologies"],"description":"Alpi ist die innovative Plattform f\u00fcr Versicherungsmakler in der Schweiz. Vereinfachen Sie Ihre Arbeit und bieten Sie Ihren Kunden einen besseren Service.","legalName":"ALPI Technologies SA"}]}},"_links":{"self":[{"href":"https:\/\/alpi-ai.com\/de\/wp-json\/wp\/v2\/pages\/180","targetHints":{"allow":["GET"]}}],"collection":[{"href":"https:\/\/alpi-ai.com\/de\/wp-json\/wp\/v2\/pages"}],"about":[{"href":"https:\/\/alpi-ai.com\/de\/wp-json\/wp\/v2\/types\/page"}],"author":[{"embeddable":true,"href":"https:\/\/alpi-ai.com\/de\/wp-json\/wp\/v2\/users\/1"}],"replies":[{"embeddable":true,"href":"https:\/\/alpi-ai.com\/de\/wp-json\/wp\/v2\/comments?post=180"}],"version-history":[{"count":13,"href":"https:\/\/alpi-ai.com\/de\/wp-json\/wp\/v2\/pages\/180\/revisions"}],"predecessor-version":[{"id":220,"href":"https:\/\/alpi-ai.com\/de\/wp-json\/wp\/v2\/pages\/180\/revisions\/220"}],"wp:attachment":[{"href":"https:\/\/alpi-ai.com\/de\/wp-json\/wp\/v2\/media?parent=180"}],"curies":[{"name":"wp","href":"https:\/\/api.w.org\/{rel}","templated":true}]}}