{"id":194,"date":"2026-03-06T16:05:30","date_gmt":"2026-03-06T16:05:30","guid":{"rendered":"http:\/\/alpi-ai.com\/?page_id=194"},"modified":"2026-03-06T16:07:10","modified_gmt":"2026-03-06T16:07:10","slug":"test-message","status":"publish","type":"page","link":"https:\/\/alpi-ai.com\/en\/tester-message\/","title":{"rendered":"Test - Message"},"content":{"rendered":"<div data-elementor-type=\"wp-page\" data-elementor-id=\"194\" class=\"elementor elementor-194\" data-elementor-post-type=\"page\">\n\t\t\t\t<div data-particle_enable=\"false\" data-particle-mobile-disabled=\"false\" class=\"elementor-element elementor-element-2643df4 e-con-full e-flex e-con e-parent\" data-id=\"2643df4\" data-element_type=\"container\" data-e-type=\"container\">\n\t\t<div data-particle_enable=\"false\" data-particle-mobile-disabled=\"false\" class=\"elementor-element elementor-element-e915d3a e-con-full e-flex e-con e-child\" data-id=\"e915d3a\" data-element_type=\"container\" data-e-type=\"container\" data-settings=\"{&quot;background_background&quot;:&quot;classic&quot;}\">\n\t\t\t\t<div class=\"elementor-element elementor-element-18a9cd9 elementor-widget elementor-widget-image\" data-id=\"18a9cd9\" data-element_type=\"widget\" data-e-type=\"widget\" data-widget_type=\"image.default\">\n\t\t\t\t\t\t\t\t\t\t\t\t\t\t\t<img decoding=\"async\" width=\"300\" height=\"100\" src=\"https:\/\/alpi-ai.com\/wp-content\/uploads\/2026\/03\/Alpi_long_blanc_600px-300x100.png\" class=\"attachment-medium size-medium wp-image-92\" alt=\"Alpi - The Swiss AI Platform for Insurance\" srcset=\"https:\/\/alpi-ai.com\/wp-content\/uploads\/2026\/03\/Alpi_long_blanc_600px-300x100.png 300w, https:\/\/alpi-ai.com\/wp-content\/uploads\/2026\/03\/Alpi_long_blanc_600px-18x6.png 18w, https:\/\/alpi-ai.com\/wp-content\/uploads\/2026\/03\/Alpi_long_blanc_600px.png 600w\" sizes=\"(max-width: 300px) 100vw, 300px\" \/>\t\t\t\t\t\t\t\t\t\t\t\t\t\t\t<\/div>\n\t\t\t\t<div class=\"elementor-element elementor-element-aafe777 elementor-widget elementor-widget-heading\" data-id=\"aafe777\" data-element_type=\"widget\" data-e-type=\"widget\" data-widget_type=\"heading.default\">\n\t\t\t\t\t<h1 class=\"elementor-heading-title elementor-size-default\">The AI assistant for insurance advisers<\/h1>\t\t\t\t<\/div>\n\t\t\t\t<\/div>\n\t\t<div data-particle_enable=\"false\" data-particle-mobile-disabled=\"false\" class=\"elementor-element elementor-element-6c23010 e-con-full e-flex e-con e-child\" data-id=\"6c23010\" data-element_type=\"container\" data-e-type=\"container\">\n\t\t\t\t<div class=\"elementor-element elementor-element-1dbcc36 elementor-widget elementor-widget-heading\" data-id=\"1dbcc36\" data-element_type=\"widget\" data-e-type=\"widget\" data-widget_type=\"heading.default\">\n\t\t\t\t\t<span class=\"elementor-heading-title elementor-size-default\"><b>Thank you for your interest! For security and confidentiality reasons, an agent will validate your account within 24 hours ...<\/b><\/span>\t\t\t\t<\/div>\n\t\t\t\t<\/div>\n\t\t\t\t<\/div>\n\t\t\t\t<\/div>","protected":false},"excerpt":{"rendered":"<p>L&rsquo;assistant IA des conseillers en assurance Merci ! Pour des raisons de s\u00e9curit\u00e9 et de confidentialit\u00e9, un agent va valider votre compte sous 24 heures &#8230;<\/p>","protected":false},"author":1,"featured_media":0,"parent":0,"menu_order":0,"comment_status":"closed","ping_status":"closed","template":"elementor_canvas","meta":{"footnotes":""},"class_list":["post-194","page","type-page","status-publish","hentry"],"yoast_head":"<!-- This site is optimized with the Yoast SEO Premium plugin v27.0 (Yoast SEO v27.0) - https:\/\/yoast.com\/product\/yoast-seo-premium-wordpress\/ -->\n<title>Tester la plateforme Alpi - L&#039;IA pour les courtiers<\/title>\n<meta name=\"description\" content=\"Testez en un clic la plateforme et notre assistant IA pour les courtiers. Optimisez votre administration et passez plus de temps avec vos clients.\" \/>\n<meta name=\"robots\" content=\"index, follow, max-snippet:-1, max-image-preview:large, max-video-preview:-1\" \/>\n<link rel=\"canonical\" href=\"https:\/\/alpi-ai.com\/en\/test-message\/\" \/>\n<meta property=\"og:locale\" content=\"en_GB\" \/>\n<meta property=\"og:type\" content=\"article\" \/>\n<meta property=\"og:title\" content=\"Tester - Message\" \/>\n<meta property=\"og:description\" content=\"L&#039;assistant IA des conseillers en assurance Merci ! Pour des raisons de s\u00e9curit\u00e9 et de confidentialit\u00e9, un agent va valider votre compte sous 24 heures\" \/>\n<meta property=\"og:url\" content=\"https:\/\/alpi-ai.com\/en\/test-message\/\" \/>\n<meta property=\"og:site_name\" content=\"ALPI\" \/>\n<meta property=\"article:modified_time\" content=\"2026-03-06T16:07:10+00:00\" \/>\n<meta property=\"og:image\" content=\"http:\/\/alpi-ai.com\/wp-content\/uploads\/2026\/03\/Alpi_long_blanc_600px-300x100.png\" \/>\n<meta name=\"twitter:card\" content=\"summary_large_image\" \/>\n<meta name=\"twitter:label1\" content=\"Estimated reading time\" \/>\n\t<meta name=\"twitter:data1\" content=\"1 minute\" \/>\n<script type=\"application\/ld+json\" class=\"yoast-schema-graph\">{\"@context\":\"https:\/\/schema.org\",\"@graph\":[{\"@type\":\"WebPage\",\"@id\":\"https:\/\/alpi-ai.com\/de\/nachricht-testen\/\",\"url\":\"https:\/\/alpi-ai.com\/de\/nachricht-testen\/\",\"name\":\"Tester la plateforme Alpi - L'IA pour les courtiers\",\"isPartOf\":{\"@id\":\"https:\/\/alpi-ai.com\/#website\"},\"primaryImageOfPage\":{\"@id\":\"https:\/\/alpi-ai.com\/de\/nachricht-testen\/#primaryimage\"},\"image\":{\"@id\":\"https:\/\/alpi-ai.com\/de\/nachricht-testen\/#primaryimage\"},\"thumbnailUrl\":\"http:\/\/alpi-ai.com\/wp-content\/uploads\/2026\/03\/Alpi_long_blanc_600px-300x100.png\",\"datePublished\":\"2026-03-06T16:05:30+00:00\",\"dateModified\":\"2026-03-06T16:07:10+00:00\",\"description\":\"Testez en un clic la plateforme et notre assistant IA pour les courtiers. Optimisez votre administration et passez plus de temps avec vos clients.\",\"breadcrumb\":{\"@id\":\"https:\/\/alpi-ai.com\/de\/nachricht-testen\/#breadcrumb\"},\"inLanguage\":\"en-GB\",\"potentialAction\":[{\"@type\":\"ReadAction\",\"target\":[\"https:\/\/alpi-ai.com\/de\/nachricht-testen\/\"]}]},{\"@type\":\"ImageObject\",\"inLanguage\":\"en-GB\",\"@id\":\"https:\/\/alpi-ai.com\/de\/nachricht-testen\/#primaryimage\",\"url\":\"http:\/\/alpi-ai.com\/wp-content\/uploads\/2026\/03\/Alpi_long_blanc_600px-300x100.png\",\"contentUrl\":\"http:\/\/alpi-ai.com\/wp-content\/uploads\/2026\/03\/Alpi_long_blanc_600px-300x100.png\"},{\"@type\":\"BreadcrumbList\",\"@id\":\"https:\/\/alpi-ai.com\/de\/nachricht-testen\/#breadcrumb\",\"itemListElement\":[{\"@type\":\"ListItem\",\"position\":1,\"name\":\"Accueil\",\"item\":\"https:\/\/alpi-ai.com\/\"},{\"@type\":\"ListItem\",\"position\":2,\"name\":\"Tester &#8211; Message\"}]},{\"@type\":\"WebSite\",\"@id\":\"https:\/\/alpi-ai.com\/#website\",\"url\":\"https:\/\/alpi-ai.com\/\",\"name\":\"ALPI\",\"description\":\"La Plateforme IA Suisse pour l\u2019assurance\",\"publisher\":{\"@id\":\"https:\/\/alpi-ai.com\/#organization\"},\"potentialAction\":[{\"@type\":\"SearchAction\",\"target\":{\"@type\":\"EntryPoint\",\"urlTemplate\":\"https:\/\/alpi-ai.com\/?s={search_term_string}\"},\"query-input\":{\"@type\":\"PropertyValueSpecification\",\"valueRequired\":true,\"valueName\":\"search_term_string\"}}],\"inLanguage\":\"en-GB\"},{\"@type\":\"Organization\",\"@id\":\"https:\/\/alpi-ai.com\/#organization\",\"name\":\"ALPI\",\"url\":\"https:\/\/alpi-ai.com\/\",\"logo\":{\"@type\":\"ImageObject\",\"inLanguage\":\"en-GB\",\"@id\":\"https:\/\/alpi-ai.com\/#\/schema\/logo\/image\/\",\"url\":\"http:\/\/alpi-ai.com\/wp-content\/uploads\/2026\/03\/cropped-alpi_blue_squared_600px_600px.png\",\"contentUrl\":\"http:\/\/alpi-ai.com\/wp-content\/uploads\/2026\/03\/cropped-alpi_blue_squared_600px_600px.png\",\"width\":512,\"height\":512,\"caption\":\"ALPI\"},\"image\":{\"@id\":\"https:\/\/alpi-ai.com\/#\/schema\/logo\/image\/\"},\"sameAs\":[\"https:\/\/www.linkedin.com\/company\/alpi-technologies\"],\"description\":\"Alpi est la plateforme innovante pour les courtiers en assurance en Suisse. Simplifiez votre travail et offrez un meilleur service \u00e0 vos clients.\",\"legalName\":\"ALPI Technologies SA\"}]}<\/script>\n<!-- \/ Yoast SEO Premium plugin. -->","yoast_head_json":{"title":"Test the Alpi platform - AI for brokers","description":"Test the platform and our AI assistant for brokers in just one click. Optimise your administration and spend more time with your customers.","robots":{"index":"index","follow":"follow","max-snippet":"max-snippet:-1","max-image-preview":"max-image-preview:large","max-video-preview":"max-video-preview:-1"},"canonical":"https:\/\/alpi-ai.com\/en\/test-message\/","og_locale":"en_GB","og_type":"article","og_title":"Tester - Message","og_description":"L'assistant IA des conseillers en assurance Merci ! Pour des raisons de s\u00e9curit\u00e9 et de confidentialit\u00e9, un agent va valider votre compte sous 24 heures","og_url":"https:\/\/alpi-ai.com\/en\/test-message\/","og_site_name":"ALPI","article_modified_time":"2026-03-06T16:07:10+00:00","og_image":[{"url":"http:\/\/alpi-ai.com\/wp-content\/uploads\/2026\/03\/Alpi_long_blanc_600px-300x100.png","type":"","width":"","height":""}],"twitter_card":"summary_large_image","twitter_misc":{"Estimated reading time":"1 minute"},"schema":{"@context":"https:\/\/schema.org","@graph":[{"@type":"WebPage","@id":"https:\/\/alpi-ai.com\/de\/nachricht-testen\/","url":"https:\/\/alpi-ai.com\/de\/nachricht-testen\/","name":"Test the Alpi platform - AI for brokers","isPartOf":{"@id":"https:\/\/alpi-ai.com\/#website"},"primaryImageOfPage":{"@id":"https:\/\/alpi-ai.com\/de\/nachricht-testen\/#primaryimage"},"image":{"@id":"https:\/\/alpi-ai.com\/de\/nachricht-testen\/#primaryimage"},"thumbnailUrl":"http:\/\/alpi-ai.com\/wp-content\/uploads\/2026\/03\/Alpi_long_blanc_600px-300x100.png","datePublished":"2026-03-06T16:05:30+00:00","dateModified":"2026-03-06T16:07:10+00:00","description":"Test the platform and our AI assistant for brokers in just one click. Optimise your administration and spend more time with your customers.","breadcrumb":{"@id":"https:\/\/alpi-ai.com\/de\/nachricht-testen\/#breadcrumb"},"inLanguage":"en-GB","potentialAction":[{"@type":"ReadAction","target":["https:\/\/alpi-ai.com\/de\/nachricht-testen\/"]}]},{"@type":"ImageObject","inLanguage":"en-GB","@id":"https:\/\/alpi-ai.com\/de\/nachricht-testen\/#primaryimage","url":"http:\/\/alpi-ai.com\/wp-content\/uploads\/2026\/03\/Alpi_long_blanc_600px-300x100.png","contentUrl":"http:\/\/alpi-ai.com\/wp-content\/uploads\/2026\/03\/Alpi_long_blanc_600px-300x100.png"},{"@type":"BreadcrumbList","@id":"https:\/\/alpi-ai.com\/de\/nachricht-testen\/#breadcrumb","itemListElement":[{"@type":"ListItem","position":1,"name":"Accueil","item":"https:\/\/alpi-ai.com\/"},{"@type":"ListItem","position":2,"name":"Tester &#8211; Message"}]},{"@type":"WebSite","@id":"https:\/\/alpi-ai.com\/#website","url":"https:\/\/alpi-ai.com\/","name":"ALPI","description":"The Swiss AI Platform for Insurance","publisher":{"@id":"https:\/\/alpi-ai.com\/#organization"},"potentialAction":[{"@type":"SearchAction","target":{"@type":"EntryPoint","urlTemplate":"https:\/\/alpi-ai.com\/?s={search_term_string}"},"query-input":{"@type":"PropertyValueSpecification","valueRequired":true,"valueName":"search_term_string"}}],"inLanguage":"en-GB"},{"@type":"Organization","@id":"https:\/\/alpi-ai.com\/#organization","name":"ALPI","url":"https:\/\/alpi-ai.com\/","logo":{"@type":"ImageObject","inLanguage":"en-GB","@id":"https:\/\/alpi-ai.com\/#\/schema\/logo\/image\/","url":"http:\/\/alpi-ai.com\/wp-content\/uploads\/2026\/03\/cropped-alpi_blue_squared_600px_600px.png","contentUrl":"http:\/\/alpi-ai.com\/wp-content\/uploads\/2026\/03\/cropped-alpi_blue_squared_600px_600px.png","width":512,"height":512,"caption":"ALPI"},"image":{"@id":"https:\/\/alpi-ai.com\/#\/schema\/logo\/image\/"},"sameAs":["https:\/\/www.linkedin.com\/company\/alpi-technologies"],"description":"Alpi is the innovative platform for insurance brokers in Switzerland. Simplify your work and offer your customers a better service.","legalName":"ALPI Technologies SA"}]}},"_links":{"self":[{"href":"https:\/\/alpi-ai.com\/en\/wp-json\/wp\/v2\/pages\/194","targetHints":{"allow":["GET"]}}],"collection":[{"href":"https:\/\/alpi-ai.com\/en\/wp-json\/wp\/v2\/pages"}],"about":[{"href":"https:\/\/alpi-ai.com\/en\/wp-json\/wp\/v2\/types\/page"}],"author":[{"embeddable":true,"href":"https:\/\/alpi-ai.com\/en\/wp-json\/wp\/v2\/users\/1"}],"replies":[{"embeddable":true,"href":"https:\/\/alpi-ai.com\/en\/wp-json\/wp\/v2\/comments?post=194"}],"version-history":[{"count":6,"href":"https:\/\/alpi-ai.com\/en\/wp-json\/wp\/v2\/pages\/194\/revisions"}],"predecessor-version":[{"id":200,"href":"https:\/\/alpi-ai.com\/en\/wp-json\/wp\/v2\/pages\/194\/revisions\/200"}],"wp:attachment":[{"href":"https:\/\/alpi-ai.com\/en\/wp-json\/wp\/v2\/media?parent=194"}],"curies":[{"name":"wp","href":"https:\/\/api.w.org\/{rel}","templated":true}]}}