{"id":165,"date":"2026-03-06T15:15:14","date_gmt":"2026-03-06T15:15:14","guid":{"rendered":"http:\/\/alpi-ai.com\/?page_id=165"},"modified":"2026-03-06T15:17:18","modified_gmt":"2026-03-06T15:17:18","slug":"mappa-del-sito","status":"publish","type":"page","link":"https:\/\/alpi-ai.com\/it\/sitemap\/","title":{"rendered":"Mappa del sito"},"content":{"rendered":"<div data-elementor-type=\"wp-page\" data-elementor-id=\"165\" class=\"elementor elementor-165\" data-elementor-post-type=\"page\">\n\t\t\t\t<div data-particle_enable=\"false\" data-particle-mobile-disabled=\"false\" class=\"elementor-element elementor-element-8ef4861 e-flex e-con-boxed e-con e-parent\" data-id=\"8ef4861\" data-element_type=\"container\" data-e-type=\"container\">\n\t\t\t\t\t<div class=\"e-con-inner\">\n\t\t\t\t<div class=\"elementor-element elementor-element-6a9195c elementor-widget elementor-widget-heading\" data-id=\"6a9195c\" data-element_type=\"widget\" data-e-type=\"widget\" data-widget_type=\"heading.default\">\n\t\t\t\t\t<h1 class=\"elementor-heading-title elementor-size-default\">Mappa del sito<\/h1>\t\t\t\t<\/div>\n\t\t\t\t<div class=\"elementor-element elementor-element-d0be859 elementor-widget elementor-widget-text-editor\" data-id=\"d0be859\" data-element_type=\"widget\" data-e-type=\"widget\" data-widget_type=\"text-editor.default\">\n\t\t\t\t\t\t\t\t\t<p>Tutte le pagine e gli articoli disponibili sul nostro sito web<\/p>\t\t\t\t\t\t\t\t<\/div>\n\t\t\t\t<div class=\"elementor-element elementor-element-4aff9d1 elementor-widget elementor-widget-sitemap\" data-id=\"4aff9d1\" data-element_type=\"widget\" data-e-type=\"widget\" data-widget_type=\"sitemap.default\">\n\t\t\t\t\t<div class=\"elementor-sitemap-wrap\"><div class=\"elementor-sitemap-section\"><h2 class=\"elementor-sitemap-title elementor-sitemap-page-title\">Pagine<\/h2><ul class=\"elementor-sitemap-list elementor-sitemap-page-list\"><li class=\"elementor-sitemap-item elementor-sitemap-item-page page_item page-item-194\"><a href=\"https:\/\/alpi-ai.com\/it\/tester-message\/\">Test - Messaggio<\/a><\/li><li class=\"elementor-sitemap-item elementor-sitemap-item-page page_item page-item-180\"><a href=\"https:\/\/alpi-ai.com\/it\/tester\/\">Test<\/a><\/li><li class=\"elementor-sitemap-item elementor-sitemap-item-page page_item page-item-165\"><a href=\"https:\/\/alpi-ai.com\/it\/sitemap\/\">Mappa del sito<\/a><\/li><li class=\"elementor-sitemap-item elementor-sitemap-item-page page_item page-item-156\"><a href=\"https:\/\/alpi-ai.com\/it\/contact\/\">Contatto<\/a><\/li><li class=\"elementor-sitemap-item elementor-sitemap-item-page page_item page-item-39\"><a href=\"https:\/\/alpi-ai.com\/it\/blog\/\">Alpi - I nostri articoli sull'IA<\/a><\/li><li class=\"elementor-sitemap-item elementor-sitemap-item-page page_item page-item-29\"><a href=\"https:\/\/alpi-ai.com\/it\/\">Alpi: l'assistente AI per i consulenti assicurativi<\/a><\/li><li class=\"elementor-sitemap-item elementor-sitemap-item-page page_item page-item-3\"><a href=\"https:\/\/alpi-ai.com\/it\/legal\/\">Legale<\/a><\/li><\/ul><\/div><div class=\"elementor-sitemap-section\"><h2 class=\"elementor-sitemap-title elementor-sitemap-category-title\">Categorie<\/h2><ul class=\"elementor-sitemap-list elementor-sitemap-category-list\">\t<li class=\"elementor-sitemap-item elementor-sitemap-item-category cat-item cat-item-1\"><a href=\"https:\/\/alpi-ai.com\/it\/blog\/category\/uncategorized\/\">Senza categoria<\/a>\n<\/li>\n<\/ul><\/div><\/div>\t\t\t\t<\/div>\n\t\t\t\t\t<\/div>\n\t\t\t\t<\/div>\n\t\t\t\t<\/div>","protected":false},"excerpt":{"rendered":"<p>Mappa del sito Tutte le pagine e gli articoli disponibili sul nostro sito web<\/p>","protected":false},"author":1,"featured_media":0,"parent":0,"menu_order":0,"comment_status":"closed","ping_status":"closed","template":"elementor_header_footer","meta":{"footnotes":""},"class_list":["post-165","page","type-page","status-publish","hentry"],"yoast_head":"<!-- This site is optimized with the Yoast SEO Premium plugin v27.0 (Yoast SEO v27.0) - https:\/\/yoast.com\/product\/yoast-seo-premium-wordpress\/ -->\n<title>Sitemap d&#039;Alpi<\/title>\n<meta name=\"description\" content=\"D\u00e9couvrez toutes les pages et les articles qui repr\u00e9sentre Alpi-Technologies et notre travail de d\u00e9mocratisation de l&#039;IA.\" \/>\n<meta name=\"robots\" content=\"index, follow, max-snippet:-1, max-image-preview:large, max-video-preview:-1\" \/>\n<link rel=\"canonical\" href=\"https:\/\/alpi-ai.com\/it\/mappa-del-sito\/\" \/>\n<meta property=\"og:locale\" content=\"it_IT\" \/>\n<meta property=\"og:type\" content=\"article\" \/>\n<meta property=\"og:title\" content=\"Sitemap\" \/>\n<meta property=\"og:description\" content=\"Sitemap Toutes les pages et articles disponibles sur notre site web\" \/>\n<meta property=\"og:url\" content=\"https:\/\/alpi-ai.com\/it\/mappa-del-sito\/\" \/>\n<meta property=\"og:site_name\" content=\"ALPI\" \/>\n<meta property=\"article:modified_time\" content=\"2026-03-06T15:17:18+00:00\" \/>\n<meta property=\"og:image\" content=\"https:\/\/alpi-ai.com\/wp-content\/uploads\/2026\/03\/alpi-thumbnail.jpg\" \/>\n\t<meta property=\"og:image:width\" content=\"650\" \/>\n\t<meta property=\"og:image:height\" content=\"396\" \/>\n\t<meta property=\"og:image:type\" content=\"image\/jpeg\" \/>\n<meta name=\"twitter:card\" content=\"summary_large_image\" \/>\n<meta name=\"twitter:label1\" content=\"Tempo di lettura stimato\" \/>\n\t<meta name=\"twitter:data1\" content=\"1 minuto\" \/>\n<script type=\"application\/ld+json\" class=\"yoast-schema-graph\">{\"@context\":\"https:\/\/schema.org\",\"@graph\":[{\"@type\":\"WebPage\",\"@id\":\"https:\/\/alpi-ai.com\/sitemap\/\",\"url\":\"https:\/\/alpi-ai.com\/sitemap\/\",\"name\":\"Sitemap d'Alpi\",\"isPartOf\":{\"@id\":\"https:\/\/alpi-ai.com\/#website\"},\"datePublished\":\"2026-03-06T15:15:14+00:00\",\"dateModified\":\"2026-03-06T15:17:18+00:00\",\"description\":\"D\u00e9couvrez toutes les pages et les articles qui repr\u00e9sentre Alpi-Technologies et notre travail de d\u00e9mocratisation de l'IA.\",\"breadcrumb\":{\"@id\":\"https:\/\/alpi-ai.com\/sitemap\/#breadcrumb\"},\"inLanguage\":\"it-IT\",\"potentialAction\":[{\"@type\":\"ReadAction\",\"target\":[\"https:\/\/alpi-ai.com\/sitemap\/\"]}]},{\"@type\":\"BreadcrumbList\",\"@id\":\"https:\/\/alpi-ai.com\/sitemap\/#breadcrumb\",\"itemListElement\":[{\"@type\":\"ListItem\",\"position\":1,\"name\":\"Accueil\",\"item\":\"https:\/\/alpi-ai.com\/\"},{\"@type\":\"ListItem\",\"position\":2,\"name\":\"Sitemap\"}]},{\"@type\":\"WebSite\",\"@id\":\"https:\/\/alpi-ai.com\/#website\",\"url\":\"https:\/\/alpi-ai.com\/\",\"name\":\"ALPI\",\"description\":\"La Plateforme IA Suisse pour l\u2019assurance\",\"publisher\":{\"@id\":\"https:\/\/alpi-ai.com\/#organization\"},\"potentialAction\":[{\"@type\":\"SearchAction\",\"target\":{\"@type\":\"EntryPoint\",\"urlTemplate\":\"https:\/\/alpi-ai.com\/?s={search_term_string}\"},\"query-input\":{\"@type\":\"PropertyValueSpecification\",\"valueRequired\":true,\"valueName\":\"search_term_string\"}}],\"inLanguage\":\"it-IT\"},{\"@type\":\"Organization\",\"@id\":\"https:\/\/alpi-ai.com\/#organization\",\"name\":\"ALPI\",\"url\":\"https:\/\/alpi-ai.com\/\",\"logo\":{\"@type\":\"ImageObject\",\"inLanguage\":\"it-IT\",\"@id\":\"https:\/\/alpi-ai.com\/#\/schema\/logo\/image\/\",\"url\":\"http:\/\/alpi-ai.com\/wp-content\/uploads\/2026\/03\/cropped-alpi_blue_squared_600px_600px.png\",\"contentUrl\":\"http:\/\/alpi-ai.com\/wp-content\/uploads\/2026\/03\/cropped-alpi_blue_squared_600px_600px.png\",\"width\":512,\"height\":512,\"caption\":\"ALPI\"},\"image\":{\"@id\":\"https:\/\/alpi-ai.com\/#\/schema\/logo\/image\/\"},\"sameAs\":[\"https:\/\/www.linkedin.com\/company\/alpi-technologies\"],\"description\":\"Alpi est la plateforme innovante pour les courtiers en assurance en Suisse. Simplifiez votre travail et offrez un meilleur service \u00e0 vos clients.\",\"legalName\":\"ALPI Technologies SA\"}]}<\/script>\n<!-- \/ Yoast SEO Premium plugin. -->","yoast_head_json":{"title":"Mappa del sito Alpi","description":"Scoprite tutte le pagine e gli articoli che rappresentano Alpi-Technologies e il nostro lavoro per la democratizzazione dell'IA.","robots":{"index":"index","follow":"follow","max-snippet":"max-snippet:-1","max-image-preview":"max-image-preview:large","max-video-preview":"max-video-preview:-1"},"canonical":"https:\/\/alpi-ai.com\/it\/mappa-del-sito\/","og_locale":"it_IT","og_type":"article","og_title":"Sitemap","og_description":"Sitemap Toutes les pages et articles disponibles sur notre site web","og_url":"https:\/\/alpi-ai.com\/it\/mappa-del-sito\/","og_site_name":"ALPI","article_modified_time":"2026-03-06T15:17:18+00:00","og_image":[{"width":650,"height":396,"url":"https:\/\/alpi-ai.com\/wp-content\/uploads\/2026\/03\/alpi-thumbnail.jpg","type":"image\/jpeg"}],"twitter_card":"summary_large_image","twitter_misc":{"Tempo di lettura stimato":"1 minuto"},"schema":{"@context":"https:\/\/schema.org","@graph":[{"@type":"WebPage","@id":"https:\/\/alpi-ai.com\/sitemap\/","url":"https:\/\/alpi-ai.com\/sitemap\/","name":"Mappa del sito Alpi","isPartOf":{"@id":"https:\/\/alpi-ai.com\/#website"},"datePublished":"2026-03-06T15:15:14+00:00","dateModified":"2026-03-06T15:17:18+00:00","description":"Scoprite tutte le pagine e gli articoli che rappresentano Alpi-Technologies e il nostro lavoro per la democratizzazione dell'IA.","breadcrumb":{"@id":"https:\/\/alpi-ai.com\/sitemap\/#breadcrumb"},"inLanguage":"it-IT","potentialAction":[{"@type":"ReadAction","target":["https:\/\/alpi-ai.com\/sitemap\/"]}]},{"@type":"BreadcrumbList","@id":"https:\/\/alpi-ai.com\/sitemap\/#breadcrumb","itemListElement":[{"@type":"ListItem","position":1,"name":"Accueil","item":"https:\/\/alpi-ai.com\/"},{"@type":"ListItem","position":2,"name":"Sitemap"}]},{"@type":"WebSite","@id":"https:\/\/alpi-ai.com\/#website","url":"https:\/\/alpi-ai.com\/","name":"ALPI","description":"La piattaforma AI svizzera per le assicurazioni","publisher":{"@id":"https:\/\/alpi-ai.com\/#organization"},"potentialAction":[{"@type":"SearchAction","target":{"@type":"EntryPoint","urlTemplate":"https:\/\/alpi-ai.com\/?s={search_term_string}"},"query-input":{"@type":"PropertyValueSpecification","valueRequired":true,"valueName":"search_term_string"}}],"inLanguage":"it-IT"},{"@type":"Organization","@id":"https:\/\/alpi-ai.com\/#organization","name":"ALPI","url":"https:\/\/alpi-ai.com\/","logo":{"@type":"ImageObject","inLanguage":"it-IT","@id":"https:\/\/alpi-ai.com\/#\/schema\/logo\/image\/","url":"http:\/\/alpi-ai.com\/wp-content\/uploads\/2026\/03\/cropped-alpi_blue_squared_600px_600px.png","contentUrl":"http:\/\/alpi-ai.com\/wp-content\/uploads\/2026\/03\/cropped-alpi_blue_squared_600px_600px.png","width":512,"height":512,"caption":"ALPI"},"image":{"@id":"https:\/\/alpi-ai.com\/#\/schema\/logo\/image\/"},"sameAs":["https:\/\/www.linkedin.com\/company\/alpi-technologies"],"description":"Alpi \u00e8 la piattaforma innovativa per i broker assicurativi in Svizzera. Semplificate il vostro lavoro e offrite ai vostri clienti un servizio migliore.","legalName":"ALPI Technologies SA"}]}},"_links":{"self":[{"href":"https:\/\/alpi-ai.com\/it\/wp-json\/wp\/v2\/pages\/165","targetHints":{"allow":["GET"]}}],"collection":[{"href":"https:\/\/alpi-ai.com\/it\/wp-json\/wp\/v2\/pages"}],"about":[{"href":"https:\/\/alpi-ai.com\/it\/wp-json\/wp\/v2\/types\/page"}],"author":[{"embeddable":true,"href":"https:\/\/alpi-ai.com\/it\/wp-json\/wp\/v2\/users\/1"}],"replies":[{"embeddable":true,"href":"https:\/\/alpi-ai.com\/it\/wp-json\/wp\/v2\/comments?post=165"}],"version-history":[{"count":4,"href":"https:\/\/alpi-ai.com\/it\/wp-json\/wp\/v2\/pages\/165\/revisions"}],"predecessor-version":[{"id":169,"href":"https:\/\/alpi-ai.com\/it\/wp-json\/wp\/v2\/pages\/165\/revisions\/169"}],"wp:attachment":[{"href":"https:\/\/alpi-ai.com\/it\/wp-json\/wp\/v2\/media?parent=165"}],"curies":[{"name":"wp","href":"https:\/\/api.w.org\/{rel}","templated":true}]}}